{"id":1659,"date":"2024-12-06T10:47:46","date_gmt":"2024-12-06T09:47:46","guid":{"rendered":"https:\/\/michalsoltan.com\/?page_id=1659"},"modified":"2024-12-06T11:35:04","modified_gmt":"2024-12-06T10:35:04","slug":"blog","status":"publish","type":"page","link":"https:\/\/michalsoltan.com\/en\/blog\/","title":{"rendered":"Blog"},"content":{"rendered":"\t\t<div data-elementor-type=\"wp-page\" data-elementor-id=\"1659\" class=\"elementor elementor-1659 elementor-1586\" data-elementor-post-type=\"page\">\n\t\t\t\t\t\t<section class=\"elementor-section elementor-top-section elementor-element elementor-element-c665583 elementor-section-stretched elementor-section-boxed elementor-section-height-default elementor-section-height-default\" data-id=\"c665583\" data-element_type=\"section\" data-settings=\"{&quot;stretch_section&quot;:&quot;section-stretched&quot;,&quot;background_background&quot;:&quot;classic&quot;}\">\n\t\t\t\t\t\t\t<div class=\"elementor-background-overlay\"><\/div>\n\t\t\t\t\t\t\t<div class=\"elementor-container elementor-column-gap-wider\">\n\t\t\t\t\t<div class=\"elementor-column elementor-col-100 elementor-top-column elementor-element elementor-element-c6749eb\" data-id=\"c6749eb\" data-element_type=\"column\">\n\t\t\t<div class=\"elementor-widget-wrap elementor-element-populated\">\n\t\t\t\t\t\t<div class=\"elementor-element elementor-element-4a59f69 elementor-widget elementor-widget-heading\" data-id=\"4a59f69\" data-element_type=\"widget\" data-widget_type=\"heading.default\">\n\t\t\t\t<div class=\"elementor-widget-container\">\n\t\t\t\t\t<h6 class=\"elementor-heading-title elementor-size-default\">Micha\u0142 So\u0142tan<\/h6>\t\t\t\t<\/div>\n\t\t\t\t<\/div>\n\t\t\t\t<div class=\"elementor-element elementor-element-e0d53ad elementor-widget elementor-widget-heading\" data-id=\"e0d53ad\" data-element_type=\"widget\" data-widget_type=\"heading.default\">\n\t\t\t\t<div class=\"elementor-widget-container\">\n\t\t\t\t\t<h1 class=\"elementor-heading-title elementor-size-default\">Blog<\/h1>\t\t\t\t<\/div>\n\t\t\t\t<\/div>\n\t\t\t\t\t<\/div>\n\t\t<\/div>\n\t\t\t\t\t<\/div>\n\t\t<\/section>\n\t\t<div class=\"elementor-element elementor-element-f58efb2 e-flex e-con-boxed e-con e-parent\" data-id=\"f58efb2\" data-element_type=\"container\" data-settings=\"{&quot;background_background&quot;:&quot;classic&quot;}\">\n\t\t\t\t\t<div class=\"e-con-inner\">\n\t\t\t\t<div class=\"elementor-element elementor-element-1c202fd elementor-grid-3 elementor-grid-tablet-2 elementor-grid-mobile-1 elementor-posts--thumbnail-top elementor-card-shadow-yes elementor-posts__hover-gradient elementor-widget elementor-widget-posts\" data-id=\"1c202fd\" data-element_type=\"widget\" data-settings=\"{&quot;cards_row_gap_mobile&quot;:{&quot;unit&quot;:&quot;px&quot;,&quot;size&quot;:30,&quot;sizes&quot;:[]},&quot;pagination_type&quot;:&quot;prev_next&quot;,&quot;cards_columns&quot;:&quot;3&quot;,&quot;cards_columns_tablet&quot;:&quot;2&quot;,&quot;cards_columns_mobile&quot;:&quot;1&quot;,&quot;cards_row_gap&quot;:{&quot;unit&quot;:&quot;px&quot;,&quot;size&quot;:35,&quot;sizes&quot;:[]},&quot;cards_row_gap_tablet&quot;:{&quot;unit&quot;:&quot;px&quot;,&quot;size&quot;:&quot;&quot;,&quot;sizes&quot;:[]}}\" data-widget_type=\"posts.cards\">\n\t\t\t\t<div class=\"elementor-widget-container\">\n\t\t\t\t\t\t\t<div class=\"elementor-posts-container elementor-posts elementor-posts--skin-cards elementor-grid\" role=\"list\">\n\t\t\t\t<article class=\"elementor-post elementor-grid-item post-1590 post type-post status-publish format-standard has-post-thumbnail hentry category-michal-soltan\" role=\"listitem\">\n\t\t\t<div class=\"elementor-post__card\">\n\t\t\t\t<a class=\"elementor-post__thumbnail__link\" href=\"https:\/\/michalsoltan.com\/en\/raspiest-male-voices-in-the-blind-auditions-of-the-voice-michal-soltan-represents-poland\/\" tabindex=\"-1\" ><div class=\"elementor-post__thumbnail\"><img fetchpriority=\"high\" decoding=\"async\" width=\"500\" height=\"333\" src=\"https:\/\/michalsoltan.com\/wp-content\/uploads\/2024\/11\/JAN_5400-500x333.webp\" class=\"attachment-medium size-medium wp-image-1318\" alt=\"\" srcset=\"https:\/\/michalsoltan.com\/wp-content\/uploads\/2024\/11\/JAN_5400-500x333.webp 500w, https:\/\/michalsoltan.com\/wp-content\/uploads\/2024\/11\/JAN_5400-1200x800.webp 1200w, https:\/\/michalsoltan.com\/wp-content\/uploads\/2024\/11\/JAN_5400-300x200.webp 300w, https:\/\/michalsoltan.com\/wp-content\/uploads\/2024\/11\/JAN_5400-768x512.webp 768w, https:\/\/michalsoltan.com\/wp-content\/uploads\/2024\/11\/JAN_5400-1536x1024.webp 1536w, https:\/\/michalsoltan.com\/wp-content\/uploads\/2024\/11\/JAN_5400-113x75.webp 113w, https:\/\/michalsoltan.com\/wp-content\/uploads\/2024\/11\/JAN_5400-480x320.webp 480w, https:\/\/michalsoltan.com\/wp-content\/uploads\/2024\/11\/JAN_5400.webp 1920w\" sizes=\"(max-width:767px) 480px, 500px\" \/><\/div><\/a>\n\t\t\t\t<div class=\"elementor-post__badge\">Micha\u0142 So\u0142tan<\/div>\n\t\t\t\t<div class=\"elementor-post__text\">\n\t\t\t\t<h3 class=\"elementor-post__title\">\n\t\t\t<a href=\"https:\/\/michalsoltan.com\/en\/raspiest-male-voices-in-the-blind-auditions-of-the-voice-michal-soltan-represents-poland\/\" >\n\t\t\t\tRASPIEST Male Voices in the Blind Auditions of The Voice \u2013 Micha\u0142 So\u0142tan represents Poland!\t\t\t<\/a>\n\t\t<\/h3>\n\t\t\n\t\t<a class=\"elementor-post__read-more\" href=\"https:\/\/michalsoltan.com\/en\/raspiest-male-voices-in-the-blind-auditions-of-the-voice-michal-soltan-represents-poland\/\" aria-label=\"Read more about RASPIEST Male Voices in the Blind Auditions of The Voice \u2013 Micha\u0142 So\u0142tan represents Poland!\" tabindex=\"-1\" >\n\t\t\tRead more \u00bb\t\t<\/a>\n\n\t\t\t\t<\/div>\n\t\t\t\t<div class=\"elementor-post__meta-data\">\n\t\t\t\t\t<span class=\"elementor-post-date\">\n\t\t\tDecember 6, 2024\t\t<\/span>\n\t\t\t\t<\/div>\n\t\t\t\t\t<\/div>\n\t\t<\/article>\n\t\t\t\t<\/div>\n\t\t\n\t\t\t\t\t\t<\/div>\n\t\t\t\t<\/div>\n\t\t\t\t\t<\/div>\n\t\t\t\t<\/div>\n\t\t\t\t<\/div>\n\t\t","protected":false},"excerpt":{"rendered":"<p>Micha\u0142 So\u0142tan Blog<\/p>\n","protected":false},"author":1,"featured_media":0,"parent":0,"menu_order":0,"comment_status":"closed","ping_status":"closed","template":"elementor_header_footer","meta":{"footnotes":""},"class_list":["post-1659","page","type-page","status-publish","hentry"],"yoast_head":"<!-- This site is optimized with the Yoast SEO Premium plugin v26.2 (Yoast SEO v26.7) - https:\/\/yoast.com\/wordpress\/plugins\/seo\/ -->\n<title>Blog - Micha\u0142 So\u0142tan<\/title>\n<meta name=\"robots\" content=\"index, follow, max-snippet:-1, max-image-preview:large, max-video-preview:-1\" \/>\n<link rel=\"canonical\" href=\"https:\/\/michalsoltan.com\/en\/blog\/\" \/>\n<meta property=\"og:locale\" content=\"en_US\" \/>\n<meta property=\"og:type\" content=\"article\" \/>\n<meta property=\"og:title\" content=\"Blog\" \/>\n<meta property=\"og:description\" content=\"Micha\u0142 So\u0142tan Blog\" \/>\n<meta property=\"og:url\" content=\"https:\/\/michalsoltan.com\/en\/blog\/\" \/>\n<meta property=\"og:site_name\" content=\"Micha\u0142 So\u0142tan\" \/>\n<meta property=\"article:publisher\" content=\"http:\/\/www.facebook.com\/michalsoltanofficial\" \/>\n<meta property=\"article:modified_time\" content=\"2024-12-06T10:35:04+00:00\" \/>\n<meta property=\"og:image\" content=\"https:\/\/michalsoltan.com\/wp-content\/uploads\/2024\/11\/Klub27_Krakow127.webp\" \/>\n\t<meta property=\"og:image:width\" content=\"1920\" \/>\n\t<meta property=\"og:image:height\" content=\"1280\" \/>\n\t<meta property=\"og:image:type\" content=\"image\/webp\" \/>\n<meta name=\"twitter:card\" content=\"summary_large_image\" \/>\n<script type=\"application\/ld+json\" class=\"yoast-schema-graph\">{\"@context\":\"https:\/\/schema.org\",\"@graph\":[{\"@type\":\"WebPage\",\"@id\":\"https:\/\/michalsoltan.com\/en\/blog\/\",\"url\":\"https:\/\/michalsoltan.com\/en\/blog\/\",\"name\":\"Blog - Micha\u0142 So\u0142tan\",\"isPartOf\":{\"@id\":\"https:\/\/michalsoltan.com\/#website\"},\"datePublished\":\"2024-12-06T09:47:46+00:00\",\"dateModified\":\"2024-12-06T10:35:04+00:00\",\"breadcrumb\":{\"@id\":\"https:\/\/michalsoltan.com\/en\/blog\/#breadcrumb\"},\"inLanguage\":\"en-US\",\"potentialAction\":[{\"@type\":\"ReadAction\",\"target\":[\"https:\/\/michalsoltan.com\/en\/blog\/\"]}]},{\"@type\":\"BreadcrumbList\",\"@id\":\"https:\/\/michalsoltan.com\/en\/blog\/#breadcrumb\",\"itemListElement\":[{\"@type\":\"ListItem\",\"position\":1,\"name\":\"Strona g\u0142\u00f3wna\",\"item\":\"https:\/\/michalsoltan.com\/\"},{\"@type\":\"ListItem\",\"position\":2,\"name\":\"Blog\"}]},{\"@type\":\"WebSite\",\"@id\":\"https:\/\/michalsoltan.com\/#website\",\"url\":\"https:\/\/michalsoltan.com\/\",\"name\":\"Micha\u0142 So\u0142tan - Koncerty solo i z zespo\u0142em\",\"description\":\"\",\"publisher\":{\"@id\":\"https:\/\/michalsoltan.com\/#organization\"},\"potentialAction\":[{\"@type\":\"SearchAction\",\"target\":{\"@type\":\"EntryPoint\",\"urlTemplate\":\"https:\/\/michalsoltan.com\/?s={search_term_string}\"},\"query-input\":{\"@type\":\"PropertyValueSpecification\",\"valueRequired\":true,\"valueName\":\"search_term_string\"}}],\"inLanguage\":\"en-US\"},{\"@type\":\"Organization\",\"@id\":\"https:\/\/michalsoltan.com\/#organization\",\"name\":\"Micha\u0142 So\u0142tan - gitarzysta, wokalista, songwriter\",\"url\":\"https:\/\/michalsoltan.com\/\",\"logo\":{\"@type\":\"ImageObject\",\"inLanguage\":\"en-US\",\"@id\":\"https:\/\/michalsoltan.com\/#\/schema\/logo\/image\/\",\"url\":\"https:\/\/michalsoltan.com\/wp-content\/uploads\/2024\/11\/JAN_5400.webp\",\"contentUrl\":\"https:\/\/michalsoltan.com\/wp-content\/uploads\/2024\/11\/JAN_5400.webp\",\"width\":1920,\"height\":1280,\"caption\":\"Micha\u0142 So\u0142tan - gitarzysta, wokalista, songwriter\"},\"image\":{\"@id\":\"https:\/\/michalsoltan.com\/#\/schema\/logo\/image\/\"},\"sameAs\":[\"http:\/\/www.facebook.com\/michalsoltanofficial\",\"http:\/\/www.instagram.com\/michal_soltan\",\"http:\/\/www.youtube.com\/michalsoltan\"]}]}<\/script>\n<!-- \/ Yoast SEO Premium plugin. -->","yoast_head_json":{"title":"Blog - Micha\u0142 So\u0142tan","robots":{"index":"index","follow":"follow","max-snippet":"max-snippet:-1","max-image-preview":"max-image-preview:large","max-video-preview":"max-video-preview:-1"},"canonical":"https:\/\/michalsoltan.com\/en\/blog\/","og_locale":"en_US","og_type":"article","og_title":"Blog","og_description":"Micha\u0142 So\u0142tan Blog","og_url":"https:\/\/michalsoltan.com\/en\/blog\/","og_site_name":"Micha\u0142 So\u0142tan","article_publisher":"http:\/\/www.facebook.com\/michalsoltanofficial","article_modified_time":"2024-12-06T10:35:04+00:00","og_image":[{"width":1920,"height":1280,"url":"https:\/\/michalsoltan.com\/wp-content\/uploads\/2024\/11\/Klub27_Krakow127.webp","type":"image\/webp"}],"twitter_card":"summary_large_image","schema":{"@context":"https:\/\/schema.org","@graph":[{"@type":"WebPage","@id":"https:\/\/michalsoltan.com\/en\/blog\/","url":"https:\/\/michalsoltan.com\/en\/blog\/","name":"Blog - Micha\u0142 So\u0142tan","isPartOf":{"@id":"https:\/\/michalsoltan.com\/#website"},"datePublished":"2024-12-06T09:47:46+00:00","dateModified":"2024-12-06T10:35:04+00:00","breadcrumb":{"@id":"https:\/\/michalsoltan.com\/en\/blog\/#breadcrumb"},"inLanguage":"en-US","potentialAction":[{"@type":"ReadAction","target":["https:\/\/michalsoltan.com\/en\/blog\/"]}]},{"@type":"BreadcrumbList","@id":"https:\/\/michalsoltan.com\/en\/blog\/#breadcrumb","itemListElement":[{"@type":"ListItem","position":1,"name":"Strona g\u0142\u00f3wna","item":"https:\/\/michalsoltan.com\/"},{"@type":"ListItem","position":2,"name":"Blog"}]},{"@type":"WebSite","@id":"https:\/\/michalsoltan.com\/#website","url":"https:\/\/michalsoltan.com\/","name":"Micha\u0142 So\u0142tan - Koncerty solo i z zespo\u0142em","description":"","publisher":{"@id":"https:\/\/michalsoltan.com\/#organization"},"potentialAction":[{"@type":"SearchAction","target":{"@type":"EntryPoint","urlTemplate":"https:\/\/michalsoltan.com\/?s={search_term_string}"},"query-input":{"@type":"PropertyValueSpecification","valueRequired":true,"valueName":"search_term_string"}}],"inLanguage":"en-US"},{"@type":"Organization","@id":"https:\/\/michalsoltan.com\/#organization","name":"Micha\u0142 So\u0142tan - gitarzysta, wokalista, songwriter","url":"https:\/\/michalsoltan.com\/","logo":{"@type":"ImageObject","inLanguage":"en-US","@id":"https:\/\/michalsoltan.com\/#\/schema\/logo\/image\/","url":"https:\/\/michalsoltan.com\/wp-content\/uploads\/2024\/11\/JAN_5400.webp","contentUrl":"https:\/\/michalsoltan.com\/wp-content\/uploads\/2024\/11\/JAN_5400.webp","width":1920,"height":1280,"caption":"Micha\u0142 So\u0142tan - gitarzysta, wokalista, songwriter"},"image":{"@id":"https:\/\/michalsoltan.com\/#\/schema\/logo\/image\/"},"sameAs":["http:\/\/www.facebook.com\/michalsoltanofficial","http:\/\/www.instagram.com\/michal_soltan","http:\/\/www.youtube.com\/michalsoltan"]}]}},"_links":{"self":[{"href":"https:\/\/michalsoltan.com\/en\/wp-json\/wp\/v2\/pages\/1659","targetHints":{"allow":["GET"]}}],"collection":[{"href":"https:\/\/michalsoltan.com\/en\/wp-json\/wp\/v2\/pages"}],"about":[{"href":"https:\/\/michalsoltan.com\/en\/wp-json\/wp\/v2\/types\/page"}],"author":[{"embeddable":true,"href":"https:\/\/michalsoltan.com\/en\/wp-json\/wp\/v2\/users\/1"}],"replies":[{"embeddable":true,"href":"https:\/\/michalsoltan.com\/en\/wp-json\/wp\/v2\/comments?post=1659"}],"version-history":[{"count":7,"href":"https:\/\/michalsoltan.com\/en\/wp-json\/wp\/v2\/pages\/1659\/revisions"}],"predecessor-version":[{"id":1666,"href":"https:\/\/michalsoltan.com\/en\/wp-json\/wp\/v2\/pages\/1659\/revisions\/1666"}],"wp:attachment":[{"href":"https:\/\/michalsoltan.com\/en\/wp-json\/wp\/v2\/media?parent=1659"}],"curies":[{"name":"wp","href":"https:\/\/api.w.org\/{rel}","templated":true}]}}